{"id":95,"date":"2023-04-20T16:32:43","date_gmt":"2023-04-20T14:32:43","guid":{"rendered":"http:\/\/spesfrance.fr\/?post_type=product&#038;p=95"},"modified":"2026-02-24T14:12:11","modified_gmt":"2026-02-24T13:12:11","slug":"gel-abrasif-unidose-safeprep-pochette-de-10g","status":"publish","type":"product","link":"https:\/\/spesfrance.fr\/index.php\/produit\/gel-abrasif-unidose-safeprep-pochette-de-10g\/","title":{"rendered":"Gel abrasif SafePrep 100x10g"},"content":{"rendered":"<p>\u00b7 Gel abrasif unidose pour pr\u00e9paration de la peau<br \/>\n\u00b7 Patient unique afin de r\u00e9duire les risques de contamination crois\u00e9e<br \/>\n. Haute performance prouv\u00e9e dans la r\u00e9duction de l&rsquo;imp\u00e9dance de la peau pour un enregistrement de haute qualit\u00e9<br \/>\n\u00b7 Nouvelle formule sans colorants, parfums ni parabens afin de minimiser les irritations et r\u00e9duire le risque d&rsquo;allergie sur les peaux tr\u00e8s sensibles<br \/>\n\u00b7 Emballages primaires et secondaires innovants recyclables sans plastique. L\u2019emballage du SafePrep peut \u00eatre valoris\u00e9, avec les d\u00e9chets recyclables. Il est certifi\u00e9 Aticelca et fabriqu\u00e9 avec du papier recycl\u00e9 et recyclable.<\/p>\n<p><a href=\"https:\/\/www.spesmedica.com\/wp-content\/uploads\/2021\/09\/FR-SafePrep-FR.pdf\" target=\"_blank\" rel=\"noopener\">Fiche Technique du produit<\/a><\/p>\n<p><iframe loading=\"lazy\" title=\"YouTube video player\" src=\"https:\/\/www.youtube.com\/embed\/lzmnWRkHMHs\" width=\"560\" height=\"315\" frameborder=\"0\" allowfullscreen=\"allowfullscreen\"><\/iframe><\/p>\n","protected":false},"excerpt":{"rendered":"<p><span id=\"tablepress-716-description\" class=\"tablepress-table-description tablepress-table-description-id-716\">Gel abrasif unidose<\/span> sans parabens, colorants ni parfums.<br \/>\nBoite de 100 doses de 10g<\/p>\n","protected":false},"featured_media":96,"template":"","meta":[],"product_brand":[86],"product_cat":[16],"product_tag":[18,45,17,50,20],"class_list":{"0":"post-95","1":"product","2":"type-product","3":"status-publish","4":"has-post-thumbnail","6":"product_brand-spesmedica","7":"product_cat-gels-pates","8":"product_tag-abrasif","9":"product_tag-abrasive","10":"product_tag-gel","11":"product_tag-nprep010e-1","12":"product_tag-pate","14":"first","15":"instock","16":"taxable","17":"shipping-taxable","18":"purchasable","19":"product-type-simple"},"_links":{"self":[{"href":"https:\/\/spesfrance.fr\/index.php\/wp-json\/wp\/v2\/product\/95","targetHints":{"allow":["GET"]}}],"collection":[{"href":"https:\/\/spesfrance.fr\/index.php\/wp-json\/wp\/v2\/product"}],"about":[{"href":"https:\/\/spesfrance.fr\/index.php\/wp-json\/wp\/v2\/types\/product"}],"wp:featuredmedia":[{"embeddable":true,"href":"https:\/\/spesfrance.fr\/index.php\/wp-json\/wp\/v2\/media\/96"}],"wp:attachment":[{"href":"https:\/\/spesfrance.fr\/index.php\/wp-json\/wp\/v2\/media?parent=95"}],"wp:term":[{"taxonomy":"product_brand","embeddable":true,"href":"https:\/\/spesfrance.fr\/index.php\/wp-json\/wp\/v2\/product_brand?post=95"},{"taxonomy":"product_cat","embeddable":true,"href":"https:\/\/spesfrance.fr\/index.php\/wp-json\/wp\/v2\/product_cat?post=95"},{"taxonomy":"product_tag","embeddable":true,"href":"https:\/\/spesfrance.fr\/index.php\/wp-json\/wp\/v2\/product_tag?post=95"}],"curies":[{"name":"wp","href":"https:\/\/api.w.org\/{rel}","templated":true}]}}