{"id":93,"date":"2023-04-20T16:25:18","date_gmt":"2023-04-20T14:25:18","guid":{"rendered":"http:\/\/spesfrance.fr\/?post_type=product&#038;p=93"},"modified":"2026-02-24T15:00:51","modified_gmt":"2026-02-24T14:00:51","slug":"gel-conducteur-neurgel-pots-de-250g","status":"publish","type":"product","link":"https:\/\/spesfrance.fr\/index.php\/produit\/gel-conducteur-neurgel-pots-de-250g\/","title":{"rendered":"Gel conducteur NeurGel 3x250g"},"content":{"rendered":"<p>\u00b7 Gel Haute Conductivit\u00e9<br \/>\n\u00b7 Garantie une faible imp\u00e9dance et une excellente stabilit\u00e9 de signal<br \/>\n\u00b7 R\u00e9duit les risques d&rsquo;effet de pont entre les \u00e9lectrodes<\/p>\n<p><a href=\"https:\/\/www.spesmedica.com\/wp-content\/uploads\/2021\/09\/MSDS-NEURGEL-0521-ENGITA_-REV8.pdf\" target=\"_blank\" rel=\"noopener\">Fiche de donn\u00e9es de s\u00e9curit\u00e9<\/a><\/p>\n","protected":false},"excerpt":{"rendered":"<p>Gel haute conductivit\u00e9<\/p>\n","protected":false},"featured_media":123,"template":"","meta":[],"product_brand":[86],"product_cat":[16,99],"product_tag":[25,17,49],"class_list":{"0":"post-93","1":"product","2":"type-product","3":"status-publish","4":"has-post-thumbnail","6":"product_brand-spesmedica","7":"product_cat-gels-pates","8":"product_cat-medcap","9":"product_tag-conducteur","10":"product_tag-gel","11":"product_tag-neurgel250v-3","13":"first","14":"instock","15":"taxable","16":"shipping-taxable","17":"purchasable","18":"product-type-simple"},"_links":{"self":[{"href":"https:\/\/spesfrance.fr\/index.php\/wp-json\/wp\/v2\/product\/93","targetHints":{"allow":["GET"]}}],"collection":[{"href":"https:\/\/spesfrance.fr\/index.php\/wp-json\/wp\/v2\/product"}],"about":[{"href":"https:\/\/spesfrance.fr\/index.php\/wp-json\/wp\/v2\/types\/product"}],"wp:featuredmedia":[{"embeddable":true,"href":"https:\/\/spesfrance.fr\/index.php\/wp-json\/wp\/v2\/media\/123"}],"wp:attachment":[{"href":"https:\/\/spesfrance.fr\/index.php\/wp-json\/wp\/v2\/media?parent=93"}],"wp:term":[{"taxonomy":"product_brand","embeddable":true,"href":"https:\/\/spesfrance.fr\/index.php\/wp-json\/wp\/v2\/product_brand?post=93"},{"taxonomy":"product_cat","embeddable":true,"href":"https:\/\/spesfrance.fr\/index.php\/wp-json\/wp\/v2\/product_cat?post=93"},{"taxonomy":"product_tag","embeddable":true,"href":"https:\/\/spesfrance.fr\/index.php\/wp-json\/wp\/v2\/product_tag?post=93"}],"curies":[{"name":"wp","href":"https:\/\/api.w.org\/{rel}","templated":true}]}}