{"id":90,"date":"2023-04-20T16:14:49","date_gmt":"2023-04-20T14:14:49","guid":{"rendered":"http:\/\/spesfrance.fr\/?post_type=product&#038;p=90"},"modified":"2026-02-24T14:11:49","modified_gmt":"2026-02-24T13:11:49","slug":"gel-conducteur-neurgel","status":"publish","type":"product","link":"https:\/\/spesfrance.fr\/index.php\/produit\/gel-conducteur-neurgel\/","title":{"rendered":"Gel conducteur NeurGel 6x250g"},"content":{"rendered":"<p>\u00b7 Gel Haute Conductivit\u00e9<br \/>\n\u00b7 Garantie une faible imp\u00e9dance et une excellente stabilit\u00e9 de signal<br \/>\n\u00b7 R\u00e9duit les risques d&rsquo;effet de pont entre les \u00e9lectrodes<\/p>\n<p><a href=\"https:\/\/www.spesmedica.com\/wp-content\/uploads\/2021\/09\/MSDS-NEURGEL-0521-ENGITA_-REV8.pdf\" target=\"_blank\" rel=\"noopener\">Fiche de donn\u00e9es de s\u00e9curit\u00e9<\/a><\/p>\n","protected":false},"excerpt":{"rendered":"<p>Gel haute conductivit\u00e9<br \/>\nBoite de 6 flacons de 250g<\/p>\n","protected":false},"featured_media":91,"template":"","meta":[],"product_brand":[86],"product_cat":[16],"product_tag":[25,17,48],"class_list":{"0":"post-90","1":"product","2":"type-product","3":"status-publish","4":"has-post-thumbnail","6":"product_brand-spesmedica","7":"product_cat-gels-pates","8":"product_tag-conducteur","9":"product_tag-gel","10":"product_tag-neurgel250f-6","12":"first","13":"instock","14":"taxable","15":"shipping-taxable","16":"purchasable","17":"product-type-simple"},"_links":{"self":[{"href":"https:\/\/spesfrance.fr\/index.php\/wp-json\/wp\/v2\/product\/90","targetHints":{"allow":["GET"]}}],"collection":[{"href":"https:\/\/spesfrance.fr\/index.php\/wp-json\/wp\/v2\/product"}],"about":[{"href":"https:\/\/spesfrance.fr\/index.php\/wp-json\/wp\/v2\/types\/product"}],"wp:featuredmedia":[{"embeddable":true,"href":"https:\/\/spesfrance.fr\/index.php\/wp-json\/wp\/v2\/media\/91"}],"wp:attachment":[{"href":"https:\/\/spesfrance.fr\/index.php\/wp-json\/wp\/v2\/media?parent=90"}],"wp:term":[{"taxonomy":"product_brand","embeddable":true,"href":"https:\/\/spesfrance.fr\/index.php\/wp-json\/wp\/v2\/product_brand?post=90"},{"taxonomy":"product_cat","embeddable":true,"href":"https:\/\/spesfrance.fr\/index.php\/wp-json\/wp\/v2\/product_cat?post=90"},{"taxonomy":"product_tag","embeddable":true,"href":"https:\/\/spesfrance.fr\/index.php\/wp-json\/wp\/v2\/product_tag?post=90"}],"curies":[{"name":"wp","href":"https:\/\/api.w.org\/{rel}","templated":true}]}}