{"id":896,"date":"2025-02-03T09:49:52","date_gmt":"2025-02-03T08:49:52","guid":{"rendered":"https:\/\/spesfrance.fr\/?post_type=product&#038;p=896"},"modified":"2026-02-24T14:11:19","modified_gmt":"2026-02-24T13:11:19","slug":"gel-conducteur-electro-gel-128oz","status":"publish","type":"product","link":"https:\/\/spesfrance.fr\/index.php\/produit\/gel-conducteur-electro-gel-128oz\/","title":{"rendered":"Gel conducteur ELECTRO-GEL 3784ml"},"content":{"rendered":"<p>Gel conducteur pour bonnets \u00e0 \u00e9lectrodes incorpor\u00e9s<\/p>\n","protected":false},"excerpt":{"rendered":"<p>Pot de 3784 ml<\/p>\n","protected":false},"featured_media":897,"template":"","meta":[],"product_brand":[89],"product_cat":[16,99],"product_tag":[25,21,17],"class_list":{"0":"post-896","1":"product","2":"type-product","3":"status-publish","4":"has-post-thumbnail","6":"product_brand-electro-cap-international","7":"product_cat-gels-pates","8":"product_cat-medcap","9":"product_tag-conducteur","10":"product_tag-conductrice","11":"product_tag-gel","13":"first","14":"instock","15":"taxable","16":"shipping-taxable","17":"purchasable","18":"product-type-simple"},"_links":{"self":[{"href":"https:\/\/spesfrance.fr\/index.php\/wp-json\/wp\/v2\/product\/896","targetHints":{"allow":["GET"]}}],"collection":[{"href":"https:\/\/spesfrance.fr\/index.php\/wp-json\/wp\/v2\/product"}],"about":[{"href":"https:\/\/spesfrance.fr\/index.php\/wp-json\/wp\/v2\/types\/product"}],"wp:featuredmedia":[{"embeddable":true,"href":"https:\/\/spesfrance.fr\/index.php\/wp-json\/wp\/v2\/media\/897"}],"wp:attachment":[{"href":"https:\/\/spesfrance.fr\/index.php\/wp-json\/wp\/v2\/media?parent=896"}],"wp:term":[{"taxonomy":"product_brand","embeddable":true,"href":"https:\/\/spesfrance.fr\/index.php\/wp-json\/wp\/v2\/product_brand?post=896"},{"taxonomy":"product_cat","embeddable":true,"href":"https:\/\/spesfrance.fr\/index.php\/wp-json\/wp\/v2\/product_cat?post=896"},{"taxonomy":"product_tag","embeddable":true,"href":"https:\/\/spesfrance.fr\/index.php\/wp-json\/wp\/v2\/product_tag?post=896"}],"curies":[{"name":"wp","href":"https:\/\/api.w.org\/{rel}","templated":true}]}}