{"id":691,"date":"2024-03-18T16:55:12","date_gmt":"2024-03-18T15:55:12","guid":{"rendered":"https:\/\/spesfrance.fr\/?post_type=product&#038;p=691"},"modified":"2026-03-06T10:45:59","modified_gmt":"2026-03-06T09:45:59","slug":"gel-abrasif-everi","status":"publish","type":"product","link":"https:\/\/spesfrance.fr\/index.php\/produit\/gel-abrasif-everi\/","title":{"rendered":"Gel abrasif Everi &#8211; Flacon de 160g"},"content":{"rendered":"<p><span id=\"tablepress-everi-fr-description\" class=\"tablepress-table-description tablepress-table-description-id-everi-fr\"> \u00b7 Produit sp\u00e9cifique pour la pr\u00e9paration de la peau avant les enregistrements<br \/>\n\u00b7 Garantit une faible imp\u00e9dance et am\u00e9liore l&rsquo;adh\u00e9sion des \u00e9lectrodes<\/span><\/p>\n<p><a href=\"https:\/\/www.spesmedica.com\/wp-content\/uploads\/2022\/03\/FT-EVERI.pdf\" target=\"_blank\" rel=\"noopener\">Fiche Technique du produit<\/a><\/p>\n","protected":false},"excerpt":{"rendered":"<p>Gel abrasif Everi<br \/>\nFlacons de 160g<\/p>\n","protected":false},"featured_media":692,"template":"","meta":[],"product_brand":[86],"product_cat":[16],"product_tag":[18,45,37],"class_list":{"0":"post-691","1":"product","2":"type-product","3":"status-publish","4":"has-post-thumbnail","6":"product_brand-spesmedica","7":"product_cat-gels-pates","8":"product_tag-abrasif","9":"product_tag-abrasive","10":"product_tag-eeg","12":"first","13":"instock","14":"taxable","15":"shipping-taxable","16":"purchasable","17":"product-type-variable"},"_links":{"self":[{"href":"https:\/\/spesfrance.fr\/index.php\/wp-json\/wp\/v2\/product\/691","targetHints":{"allow":["GET"]}}],"collection":[{"href":"https:\/\/spesfrance.fr\/index.php\/wp-json\/wp\/v2\/product"}],"about":[{"href":"https:\/\/spesfrance.fr\/index.php\/wp-json\/wp\/v2\/types\/product"}],"wp:featuredmedia":[{"embeddable":true,"href":"https:\/\/spesfrance.fr\/index.php\/wp-json\/wp\/v2\/media\/692"}],"wp:attachment":[{"href":"https:\/\/spesfrance.fr\/index.php\/wp-json\/wp\/v2\/media?parent=691"}],"wp:term":[{"taxonomy":"product_brand","embeddable":true,"href":"https:\/\/spesfrance.fr\/index.php\/wp-json\/wp\/v2\/product_brand?post=691"},{"taxonomy":"product_cat","embeddable":true,"href":"https:\/\/spesfrance.fr\/index.php\/wp-json\/wp\/v2\/product_cat?post=691"},{"taxonomy":"product_tag","embeddable":true,"href":"https:\/\/spesfrance.fr\/index.php\/wp-json\/wp\/v2\/product_tag?post=691"}],"curies":[{"name":"wp","href":"https:\/\/api.w.org\/{rel}","templated":true}]}}