{"id":611,"date":"2024-02-06T16:42:42","date_gmt":"2024-02-06T15:42:42","guid":{"rendered":"https:\/\/spesfrance.fr\/?post_type=product&#038;p=611"},"modified":"2026-02-12T11:03:20","modified_gmt":"2026-02-12T10:03:20","slug":"electrodes-adhesive-precablees","status":"publish","type":"product","link":"https:\/\/spesfrance.fr\/index.php\/produit\/electrodes-adhesive-precablees\/","title":{"rendered":"\u00c9lectrodes adh\u00e9sive pr\u00e9cabl\u00e9es"},"content":{"rendered":"<p><span id=\"tablepress-electrodes-adhesives-description\" class=\"tablepress-table-description tablepress-table-description-id-electrodes-adhesives\">\u00b7 L&rsquo;Hydrogel garantit une excellente adh\u00e9rence et permet un repositionnement \u00e0 plusieurs reprises.<br \/>\n\u00b7 Haute qualit\u00e9 d&rsquo;enregistrement gr\u00e2ce \u00e0 une faible imp\u00e9dance.<br \/>\n\u00b7 Adapt\u00e9es aux enregistrements longue dur\u00e9e.<br \/>\n\u00b7 L&rsquo;Hydrogel est constitu\u00e9 de mat\u00e9riaux biocompatibles qui ont \u00e9t\u00e9 test\u00e9s sur la plupart des types de peaux sensibles.<br \/>\n\u00b7 Disponibles en diff\u00e9rentes tailles et formes afin de s&rsquo;adapter \u00e0 tous les muscles, m\u00eame les plus petits.<\/span><\/p>\n","protected":false},"excerpt":{"rendered":"<p>\u00b7 L&rsquo;Hydrogel garantit une excellente adh\u00e9rence et permet un repositionnement \u00e0 plusieurs reprises. \u00b7 Haute qualit\u00e9 d&rsquo;enregistrement gr\u00e2ce \u00e0 une faible imp\u00e9dance. \u00b7 Adapt\u00e9es aux enregistrements longue dur\u00e9e. \u00b7 L&rsquo;Hydrogel est constitu\u00e9 de mat\u00e9riaux biocompatibles qui ont \u00e9t\u00e9 test\u00e9s sur la plupart des types de peaux sensibles. \u00b7 Disponibles en diff\u00e9rentes tailles et formes afin [&hellip;]<\/p>\n","protected":false},"featured_media":612,"template":"","meta":[],"product_brand":[],"product_cat":[30,77,68],"product_tag":[],"class_list":{"0":"post-611","1":"product","2":"type-product","3":"status-publish","4":"has-post-thumbnail","6":"product_cat-electrodes","7":"product_cat-electrodes-adhesives","8":"product_cat-emg-vcn","10":"first","11":"instock","12":"taxable","13":"shipping-taxable","14":"purchasable","15":"product-type-variable"},"_links":{"self":[{"href":"https:\/\/spesfrance.fr\/index.php\/wp-json\/wp\/v2\/product\/611","targetHints":{"allow":["GET"]}}],"collection":[{"href":"https:\/\/spesfrance.fr\/index.php\/wp-json\/wp\/v2\/product"}],"about":[{"href":"https:\/\/spesfrance.fr\/index.php\/wp-json\/wp\/v2\/types\/product"}],"wp:featuredmedia":[{"embeddable":true,"href":"https:\/\/spesfrance.fr\/index.php\/wp-json\/wp\/v2\/media\/612"}],"wp:attachment":[{"href":"https:\/\/spesfrance.fr\/index.php\/wp-json\/wp\/v2\/media?parent=611"}],"wp:term":[{"taxonomy":"product_brand","embeddable":true,"href":"https:\/\/spesfrance.fr\/index.php\/wp-json\/wp\/v2\/product_brand?post=611"},{"taxonomy":"product_cat","embeddable":true,"href":"https:\/\/spesfrance.fr\/index.php\/wp-json\/wp\/v2\/product_cat?post=611"},{"taxonomy":"product_tag","embeddable":true,"href":"https:\/\/spesfrance.fr\/index.php\/wp-json\/wp\/v2\/product_tag?post=611"}],"curies":[{"name":"wp","href":"https:\/\/api.w.org\/{rel}","templated":true}]}}