{"id":598,"date":"2024-02-06T16:17:13","date_gmt":"2024-02-06T15:17:13","guid":{"rendered":"https:\/\/spesfrance.fr\/?post_type=product&#038;p=598"},"modified":"2026-02-12T11:03:18","modified_gmt":"2026-02-12T10:03:18","slug":"electrodes-adhesives-a-pression","status":"publish","type":"product","link":"https:\/\/spesfrance.fr\/index.php\/produit\/electrodes-adhesives-a-pression\/","title":{"rendered":"\u00c9lectrodes adh\u00e9sives \u00e0 pression"},"content":{"rendered":"<p><span id=\"tablepress-electrodes-adhesives-description\" class=\"tablepress-table-description tablepress-table-description-id-electrodes-adhesives\">\u00b7 L\u2019Hydrogel garantit une excellente adh\u00e9rence et permet un repositionnement \u00e0 plusieurs reprises.<br \/>\n\u00b7 Haute qualit\u00e9 d\u2019enregistrement gr\u00e2ce \u00e0 une faible imp\u00e9dance.<br \/>\n\u00b7 Adapt\u00e9es aux enregistrements longue dur\u00e9e.<br \/>\n\u00b7 L\u2019Hydrogel est constitu\u00e9 de mat\u00e9riaux biocompatibles qui ont \u00e9t\u00e9 test\u00e9s sur la plupart des types de peaux sensibles.<\/span><\/p>\n","protected":false},"excerpt":{"rendered":"<p>\u00b7 L\u2019Hydrogel garantit une excellente adh\u00e9rence et permet un repositionnement \u00e0 plusieurs reprises. \u00b7 Haute qualit\u00e9 d\u2019enregistrement gr\u00e2ce \u00e0 une faible imp\u00e9dance. \u00b7 Adapt\u00e9es aux enregistrements longue dur\u00e9e. \u00b7 L\u2019Hydrogel est constitu\u00e9 de mat\u00e9riaux biocompatibles qui ont \u00e9t\u00e9 test\u00e9s sur la plupart des types de peaux sensibles.<\/p>\n","protected":false},"featured_media":608,"template":"","meta":[],"product_brand":[],"product_cat":[77,68],"product_tag":[],"class_list":{"0":"post-598","1":"product","2":"type-product","3":"status-publish","4":"has-post-thumbnail","6":"product_cat-electrodes-adhesives","7":"product_cat-emg-vcn","9":"first","10":"instock","11":"taxable","12":"shipping-taxable","13":"purchasable","14":"product-type-variable"},"_links":{"self":[{"href":"https:\/\/spesfrance.fr\/index.php\/wp-json\/wp\/v2\/product\/598","targetHints":{"allow":["GET"]}}],"collection":[{"href":"https:\/\/spesfrance.fr\/index.php\/wp-json\/wp\/v2\/product"}],"about":[{"href":"https:\/\/spesfrance.fr\/index.php\/wp-json\/wp\/v2\/types\/product"}],"wp:featuredmedia":[{"embeddable":true,"href":"https:\/\/spesfrance.fr\/index.php\/wp-json\/wp\/v2\/media\/608"}],"wp:attachment":[{"href":"https:\/\/spesfrance.fr\/index.php\/wp-json\/wp\/v2\/media?parent=598"}],"wp:term":[{"taxonomy":"product_brand","embeddable":true,"href":"https:\/\/spesfrance.fr\/index.php\/wp-json\/wp\/v2\/product_brand?post=598"},{"taxonomy":"product_cat","embeddable":true,"href":"https:\/\/spesfrance.fr\/index.php\/wp-json\/wp\/v2\/product_cat?post=598"},{"taxonomy":"product_tag","embeddable":true,"href":"https:\/\/spesfrance.fr\/index.php\/wp-json\/wp\/v2\/product_tag?post=598"}],"curies":[{"name":"wp","href":"https:\/\/api.w.org\/{rel}","templated":true}]}}