{"id":567,"date":"2024-02-06T13:36:26","date_gmt":"2024-02-06T12:36:26","guid":{"rendered":"https:\/\/spesfrance.fr\/?post_type=product&#038;p=567"},"modified":"2026-02-12T11:03:18","modified_gmt":"2026-02-12T10:03:18","slug":"barre-de-stimulation-bipolaire","status":"publish","type":"product","link":"https:\/\/spesfrance.fr\/index.php\/produit\/barre-de-stimulation-bipolaire\/","title":{"rendered":"Barre de stimulation bipolaire"},"content":{"rendered":"<div>\n<div class=\"wpb_column vc_column_container vc_col-sm-12\">\n<div class=\"vc_column-inner\">\n<div class=\"wpb_wrapper\">\n<div class=\"wpb_text_column wpb_content_element \">\n<div class=\"wpb_wrapper\"><span id=\"tablepress-barres-de-stimulation-bipolaire-description\" class=\"tablepress-table-description tablepress-table-description-id-barres-de-stimulation-bipolaire\">\u00b7 Paire d&rsquo;\u00e9lectrodes en acier inox de 10mm facilitant les stimulations r\u00e9p\u00e9t\u00e9es.<br \/>\n\u00b7 Le mod\u00e8le BAIM vous permet de fixer une bande \u00e9lastique.<\/span><\/div>\n<div><span id=\"tablepress-barres-de-stimulation-bipolaire-description\" class=\"tablepress-table-description tablepress-table-description-id-barres-de-stimulation-bipolaire\">\u00b7 <\/span>\u00c9cartement 30mm<\/div>\n<div><span id=\"tablepress-barres-de-stimulation-bipolaire-description\" class=\"tablepress-table-description tablepress-table-description-id-barres-de-stimulation-bipolaire\">\u00b7<\/span> Cordon 1m<\/div>\n<\/div>\n<\/div>\n<\/div>\n<\/div>\n<\/div>\n","protected":false},"excerpt":{"rendered":"<p>\u00b7 Paire d&rsquo;\u00e9lectrodes en acier inox de 10mm facilitant les stimulations r\u00e9p\u00e9t\u00e9es. \u00b7 Le mod\u00e8le BAIM vous permet de fixer une bande \u00e9lastique. \u00b7 \u00c9cartement 30mm \u00b7 Cordon 1m<\/p>\n","protected":false},"featured_media":569,"template":"","meta":[],"product_brand":[],"product_cat":[68],"product_tag":[],"class_list":{"0":"post-567","1":"product","2":"type-product","3":"status-publish","4":"has-post-thumbnail","6":"product_cat-emg-vcn","8":"first","9":"instock","10":"taxable","11":"shipping-taxable","12":"purchasable","13":"product-type-variable"},"_links":{"self":[{"href":"https:\/\/spesfrance.fr\/index.php\/wp-json\/wp\/v2\/product\/567","targetHints":{"allow":["GET"]}}],"collection":[{"href":"https:\/\/spesfrance.fr\/index.php\/wp-json\/wp\/v2\/product"}],"about":[{"href":"https:\/\/spesfrance.fr\/index.php\/wp-json\/wp\/v2\/types\/product"}],"wp:featuredmedia":[{"embeddable":true,"href":"https:\/\/spesfrance.fr\/index.php\/wp-json\/wp\/v2\/media\/569"}],"wp:attachment":[{"href":"https:\/\/spesfrance.fr\/index.php\/wp-json\/wp\/v2\/media?parent=567"}],"wp:term":[{"taxonomy":"product_brand","embeddable":true,"href":"https:\/\/spesfrance.fr\/index.php\/wp-json\/wp\/v2\/product_brand?post=567"},{"taxonomy":"product_cat","embeddable":true,"href":"https:\/\/spesfrance.fr\/index.php\/wp-json\/wp\/v2\/product_cat?post=567"},{"taxonomy":"product_tag","embeddable":true,"href":"https:\/\/spesfrance.fr\/index.php\/wp-json\/wp\/v2\/product_tag?post=567"}],"curies":[{"name":"wp","href":"https:\/\/api.w.org\/{rel}","templated":true}]}}