{"id":565,"date":"2024-02-06T11:17:55","date_gmt":"2024-02-06T10:17:55","guid":{"rendered":"https:\/\/spesfrance.fr\/?post_type=product&#038;p=565"},"modified":"2026-02-12T11:03:17","modified_gmt":"2026-02-12T10:03:17","slug":"poignee-de-stimulation-bipolaire","status":"publish","type":"product","link":"https:\/\/spesfrance.fr\/index.php\/produit\/poignee-de-stimulation-bipolaire\/","title":{"rendered":"Poign\u00e9e de stimulation bipolaire"},"content":{"rendered":"<div>\n<div class=\"wpb_column vc_column_container vc_col-sm-12\">\n<div class=\"vc_column-inner\">\n<div class=\"wpb_wrapper\">\n<div class=\"wpb_text_column wpb_content_element \">\n<div class=\"wpb_wrapper\"><span id=\"tablepress-717-description\" class=\"tablepress-table-description tablepress-table-description-id-717\">\u00b7 \u00c9lectrode conique dor\u00e9e une meilleure conduction \u00e9lectrique.<br \/>\n\u00b7 C\u00e2ble multipolaire blind\u00e9 assurant la meilleure isolation \u00e9lectrique.<br \/>\n\u00b7 Surface lisse pour un nettoyage et une d\u00e9sinfection faciles<\/span><\/div>\n<div><span id=\"tablepress-717-description\" class=\"tablepress-table-description tablepress-table-description-id-717\">\u00b7 Fiche DIN 5 Broches<\/span><\/div>\n<\/div>\n<\/div>\n<\/div>\n<\/div>\n<\/div>\n","protected":false},"excerpt":{"rendered":"<p>\u00b7 \u00c9lectrode conique dor\u00e9e une meilleure conduction \u00e9lectrique. \u00b7 C\u00e2ble multipolaire blind\u00e9 assurant la meilleure isolation \u00e9lectrique. \u00b7 Surface lisse pour un nettoyage et une d\u00e9sinfection faciles \u00b7 Fiche DIN 5 Broches<\/p>\n","protected":false},"featured_media":566,"template":"","meta":[],"product_brand":[86],"product_cat":[68],"product_tag":[],"class_list":{"0":"post-565","1":"product","2":"type-product","3":"status-publish","4":"has-post-thumbnail","6":"product_brand-spesmedica","7":"product_cat-emg-vcn","9":"first","10":"instock","11":"taxable","12":"shipping-taxable","13":"purchasable","14":"product-type-simple"},"_links":{"self":[{"href":"https:\/\/spesfrance.fr\/index.php\/wp-json\/wp\/v2\/product\/565","targetHints":{"allow":["GET"]}}],"collection":[{"href":"https:\/\/spesfrance.fr\/index.php\/wp-json\/wp\/v2\/product"}],"about":[{"href":"https:\/\/spesfrance.fr\/index.php\/wp-json\/wp\/v2\/types\/product"}],"wp:featuredmedia":[{"embeddable":true,"href":"https:\/\/spesfrance.fr\/index.php\/wp-json\/wp\/v2\/media\/566"}],"wp:attachment":[{"href":"https:\/\/spesfrance.fr\/index.php\/wp-json\/wp\/v2\/media?parent=565"}],"wp:term":[{"taxonomy":"product_brand","embeddable":true,"href":"https:\/\/spesfrance.fr\/index.php\/wp-json\/wp\/v2\/product_brand?post=565"},{"taxonomy":"product_cat","embeddable":true,"href":"https:\/\/spesfrance.fr\/index.php\/wp-json\/wp\/v2\/product_cat?post=565"},{"taxonomy":"product_tag","embeddable":true,"href":"https:\/\/spesfrance.fr\/index.php\/wp-json\/wp\/v2\/product_tag?post=565"}],"curies":[{"name":"wp","href":"https:\/\/api.w.org\/{rel}","templated":true}]}}