{"id":556,"date":"2024-02-06T11:02:05","date_gmt":"2024-02-06T10:02:05","guid":{"rendered":"https:\/\/spesfrance.fr\/?post_type=product&#038;p=556"},"modified":"2026-02-12T11:03:17","modified_gmt":"2026-02-12T10:03:17","slug":"plaque-de-terre","status":"publish","type":"product","link":"https:\/\/spesfrance.fr\/index.php\/produit\/plaque-de-terre\/","title":{"rendered":"Plaque de terre"},"content":{"rendered":"<div>\n<div class=\"wpb_column vc_column_container vc_col-sm-12\">\n<div class=\"vc_column-inner\">\n<div class=\"wpb_wrapper\">\n<div class=\"wpb_text_column wpb_content_element \">\n<div class=\"wpb_wrapper\"><span id=\"tablepress-plaque-de-terre-description\" class=\"tablepress-table-description tablepress-table-description-id-plaque-de-terre\">\u00b7 \u00c9lectrode pouvant \u00eatre plac\u00e9e n&rsquo;importe o\u00f9 sur le corps pour plus de flexibilit\u00e9.<\/span><\/div>\n<div><span id=\"tablepress-plaque-de-terre-description\" class=\"tablepress-table-description tablepress-table-description-id-plaque-de-terre\">\u00b7 <\/span>Fiche TP DIN 42802<\/div>\n<div><span id=\"tablepress-plaque-de-terre-description\" class=\"tablepress-table-description tablepress-table-description-id-plaque-de-terre\">\u00b7<\/span> Cordon 120cm<\/div>\n<\/div>\n<\/div>\n<\/div>\n<\/div>\n<\/div>\n","protected":false},"excerpt":{"rendered":"<p>\u00b7 \u00c9lectrode pouvant \u00eatre plac\u00e9e n&rsquo;importe o\u00f9 sur le corps pour plus de flexibilit\u00e9. \u00b7 Fiche TP DIN 42802 \u00b7 Cordon 120cm<\/p>\n","protected":false},"featured_media":557,"template":"","meta":[],"product_brand":[86],"product_cat":[68],"product_tag":[],"class_list":{"0":"post-556","1":"product","2":"type-product","3":"status-publish","4":"has-post-thumbnail","6":"product_brand-spesmedica","7":"product_cat-emg-vcn","9":"first","10":"instock","11":"taxable","12":"shipping-taxable","13":"purchasable","14":"product-type-simple"},"_links":{"self":[{"href":"https:\/\/spesfrance.fr\/index.php\/wp-json\/wp\/v2\/product\/556","targetHints":{"allow":["GET"]}}],"collection":[{"href":"https:\/\/spesfrance.fr\/index.php\/wp-json\/wp\/v2\/product"}],"about":[{"href":"https:\/\/spesfrance.fr\/index.php\/wp-json\/wp\/v2\/types\/product"}],"wp:featuredmedia":[{"embeddable":true,"href":"https:\/\/spesfrance.fr\/index.php\/wp-json\/wp\/v2\/media\/557"}],"wp:attachment":[{"href":"https:\/\/spesfrance.fr\/index.php\/wp-json\/wp\/v2\/media?parent=556"}],"wp:term":[{"taxonomy":"product_brand","embeddable":true,"href":"https:\/\/spesfrance.fr\/index.php\/wp-json\/wp\/v2\/product_brand?post=556"},{"taxonomy":"product_cat","embeddable":true,"href":"https:\/\/spesfrance.fr\/index.php\/wp-json\/wp\/v2\/product_cat?post=556"},{"taxonomy":"product_tag","embeddable":true,"href":"https:\/\/spesfrance.fr\/index.php\/wp-json\/wp\/v2\/product_tag?post=556"}],"curies":[{"name":"wp","href":"https:\/\/api.w.org\/{rel}","templated":true}]}}