{"id":525,"date":"2024-02-06T10:18:48","date_gmt":"2024-02-06T09:18:48","guid":{"rendered":"https:\/\/spesfrance.fr\/?post_type=product&#038;p=525"},"modified":"2026-02-12T11:03:18","modified_gmt":"2026-02-12T10:03:18","slug":"electrodes-de-stimulation-bipolaire-10mm","status":"publish","type":"product","link":"https:\/\/spesfrance.fr\/index.php\/produit\/electrodes-de-stimulation-bipolaire-10mm\/","title":{"rendered":"\u00c9lectrodes de stimulation bipolaire &#8211; 10mm"},"content":{"rendered":"<p><span id=\"tablepress-electrodes-de-stimulation-bipolaire-description\" class=\"tablepress-table-description tablepress-table-description-id-electrodes-de-stimulation-bipolaire\">\u00b7 Plots dor\u00e9s et c\u00e2ble multipolaire blind\u00e9 pour une meilleure isolation.<br \/>\n\u00b7 Strap velcro, paire de billes m\u00e9talliques et 10 feutres inclus dans la bo\u00eete.<\/span><\/p>\n","protected":false},"excerpt":{"rendered":"<p>\u00b7 Plots dor\u00e9s et c\u00e2ble multipolaire blind\u00e9 pour une meilleure isolation. \u00b7 Strap velcro, paire de billes m\u00e9talliques et 10 feutres inclus dans la bo\u00eete.<\/p>\n","protected":false},"featured_media":528,"template":"","meta":[],"product_brand":[],"product_cat":[68],"product_tag":[],"class_list":{"0":"post-525","1":"product","2":"type-product","3":"status-publish","4":"has-post-thumbnail","6":"product_cat-emg-vcn","8":"first","9":"instock","10":"taxable","11":"shipping-taxable","12":"purchasable","13":"product-type-variable"},"_links":{"self":[{"href":"https:\/\/spesfrance.fr\/index.php\/wp-json\/wp\/v2\/product\/525","targetHints":{"allow":["GET"]}}],"collection":[{"href":"https:\/\/spesfrance.fr\/index.php\/wp-json\/wp\/v2\/product"}],"about":[{"href":"https:\/\/spesfrance.fr\/index.php\/wp-json\/wp\/v2\/types\/product"}],"wp:featuredmedia":[{"embeddable":true,"href":"https:\/\/spesfrance.fr\/index.php\/wp-json\/wp\/v2\/media\/528"}],"wp:attachment":[{"href":"https:\/\/spesfrance.fr\/index.php\/wp-json\/wp\/v2\/media?parent=525"}],"wp:term":[{"taxonomy":"product_brand","embeddable":true,"href":"https:\/\/spesfrance.fr\/index.php\/wp-json\/wp\/v2\/product_brand?post=525"},{"taxonomy":"product_cat","embeddable":true,"href":"https:\/\/spesfrance.fr\/index.php\/wp-json\/wp\/v2\/product_cat?post=525"},{"taxonomy":"product_tag","embeddable":true,"href":"https:\/\/spesfrance.fr\/index.php\/wp-json\/wp\/v2\/product_tag?post=525"}],"curies":[{"name":"wp","href":"https:\/\/api.w.org\/{rel}","templated":true}]}}