{"id":438,"date":"2024-02-05T10:44:03","date_gmt":"2024-02-05T09:44:03","guid":{"rendered":"https:\/\/spesfrance.fr\/?post_type=product&#038;p=438"},"modified":"2026-02-12T11:03:12","modified_gmt":"2026-02-12T10:03:12","slug":"cordon-de-liaison-pour-aiguilles-concentrique-myoline","status":"publish","type":"product","link":"https:\/\/spesfrance.fr\/index.php\/produit\/cordon-de-liaison-pour-aiguilles-concentrique-myoline\/","title":{"rendered":"Cordon de liaison pour aiguilles concentrique MYOLINE"},"content":{"rendered":"<p><span id=\"tablepress-cordons-de-liaison-myoline-description\" class=\"tablepress-table-description tablepress-table-description-id-cordons-de-liaison-myoline\">\u00b7 Cordons de connexion pour aiguilles bipolaires (Concentriques, Fibre Unique et Macro).<br \/>\n\u00b7 Fabriqu\u00e9s avec des mat\u00e9riaux ultra souples et des connexions surmoul\u00e9es.<br \/>\n\u00b7 Diff\u00e9rentes longueurs et connectiques sont disponibles sur demande.<\/span><\/p>\n","protected":false},"excerpt":{"rendered":"<p>1 Cordon<\/p>\n","protected":false},"featured_media":439,"template":"","meta":[],"product_brand":[],"product_cat":[39,68],"product_tag":[40,69,72],"class_list":{"0":"post-438","1":"product","2":"type-product","3":"status-publish","4":"has-post-thumbnail","6":"product_cat-cordons","7":"product_cat-emg-vcn","8":"product_tag-cordons","9":"product_tag-emg","10":"product_tag-myoline","12":"first","13":"instock","14":"taxable","15":"shipping-taxable","16":"purchasable","17":"product-type-variable"},"_links":{"self":[{"href":"https:\/\/spesfrance.fr\/index.php\/wp-json\/wp\/v2\/product\/438","targetHints":{"allow":["GET"]}}],"collection":[{"href":"https:\/\/spesfrance.fr\/index.php\/wp-json\/wp\/v2\/product"}],"about":[{"href":"https:\/\/spesfrance.fr\/index.php\/wp-json\/wp\/v2\/types\/product"}],"wp:featuredmedia":[{"embeddable":true,"href":"https:\/\/spesfrance.fr\/index.php\/wp-json\/wp\/v2\/media\/439"}],"wp:attachment":[{"href":"https:\/\/spesfrance.fr\/index.php\/wp-json\/wp\/v2\/media?parent=438"}],"wp:term":[{"taxonomy":"product_brand","embeddable":true,"href":"https:\/\/spesfrance.fr\/index.php\/wp-json\/wp\/v2\/product_brand?post=438"},{"taxonomy":"product_cat","embeddable":true,"href":"https:\/\/spesfrance.fr\/index.php\/wp-json\/wp\/v2\/product_cat?post=438"},{"taxonomy":"product_tag","embeddable":true,"href":"https:\/\/spesfrance.fr\/index.php\/wp-json\/wp\/v2\/product_tag?post=438"}],"curies":[{"name":"wp","href":"https:\/\/api.w.org\/{rel}","templated":true}]}}