{"id":323,"date":"2023-06-26T17:16:39","date_gmt":"2023-06-26T15:16:39","guid":{"rendered":"http:\/\/spesfrance.fr\/?post_type=product&#038;p=323"},"modified":"2025-01-28T09:49:48","modified_gmt":"2025-01-28T08:49:48","slug":"pate-conductrice-elefix-v-10-pots-de-180g","status":"publish","type":"product","link":"https:\/\/spesfrance.fr\/index.php\/produit\/pate-conductrice-elefix-v-10-pots-de-180g\/","title":{"rendered":"P\u00e2te conductrice ELEFIX V 10x180g"},"content":{"rendered":"<p>Connaissez notre AC Cream? Une p\u00e2te conductrice \u00e9quivalente \u00e0 l&rsquo; ELEFIX, sans Parabens ni parfums.<\/p>\n<p><a href=\"https:\/\/spesfrance.fr\/index.php\/produit\/pate-conductrice-ac-cream\/\"><img loading=\"lazy\" decoding=\"async\" class=\"alignnone wp-image-121 size-thumbnail\" src=\"https:\/\/spesfrance.fr\/wp-content\/uploads\/2023\/04\/File-62-150x150.jpg\" alt=\"\" width=\"150\" height=\"150\" srcset=\"https:\/\/spesfrance.fr\/wp-content\/uploads\/2023\/04\/File-62-150x150.jpg 150w, https:\/\/spesfrance.fr\/wp-content\/uploads\/2023\/04\/File-62-324x324.jpg 324w, https:\/\/spesfrance.fr\/wp-content\/uploads\/2023\/04\/File-62-100x100.jpg 100w, https:\/\/spesfrance.fr\/wp-content\/uploads\/2023\/04\/File-62-416x416.jpg 416w, https:\/\/spesfrance.fr\/wp-content\/uploads\/2023\/04\/File-62-300x300.jpg 300w, https:\/\/spesfrance.fr\/wp-content\/uploads\/2023\/04\/File-62-1024x1024.jpg 1024w, https:\/\/spesfrance.fr\/wp-content\/uploads\/2023\/04\/File-62-768x768.jpg 768w, https:\/\/spesfrance.fr\/wp-content\/uploads\/2023\/04\/File-62-1536x1536.jpg 1536w, https:\/\/spesfrance.fr\/wp-content\/uploads\/2023\/04\/File-62-2048x2048.jpg 2048w\" sizes=\"auto, (max-width: 150px) 100vw, 150px\" \/><\/a><\/p>\n","protected":false},"excerpt":{"rendered":"<p>Boite de 10 tubes de 180g<\/p>\n","protected":false},"featured_media":324,"template":"","meta":[],"product_brand":[88],"product_cat":[16],"product_tag":[25,21,22,20],"class_list":{"0":"post-323","1":"product","2":"type-product","3":"status-publish","4":"has-post-thumbnail","6":"product_brand-nihonkohden","7":"product_cat-gels-pates","8":"product_tag-conducteur","9":"product_tag-conductrice","10":"product_tag-creme","11":"product_tag-pate","13":"first","14":"instock","15":"taxable","16":"shipping-taxable","17":"purchasable","18":"product-type-simple"},"_links":{"self":[{"href":"https:\/\/spesfrance.fr\/index.php\/wp-json\/wp\/v2\/product\/323","targetHints":{"allow":["GET"]}}],"collection":[{"href":"https:\/\/spesfrance.fr\/index.php\/wp-json\/wp\/v2\/product"}],"about":[{"href":"https:\/\/spesfrance.fr\/index.php\/wp-json\/wp\/v2\/types\/product"}],"wp:featuredmedia":[{"embeddable":true,"href":"https:\/\/spesfrance.fr\/index.php\/wp-json\/wp\/v2\/media\/324"}],"wp:attachment":[{"href":"https:\/\/spesfrance.fr\/index.php\/wp-json\/wp\/v2\/media?parent=323"}],"wp:term":[{"taxonomy":"product_brand","embeddable":true,"href":"https:\/\/spesfrance.fr\/index.php\/wp-json\/wp\/v2\/product_brand?post=323"},{"taxonomy":"product_cat","embeddable":true,"href":"https:\/\/spesfrance.fr\/index.php\/wp-json\/wp\/v2\/product_cat?post=323"},{"taxonomy":"product_tag","embeddable":true,"href":"https:\/\/spesfrance.fr\/index.php\/wp-json\/wp\/v2\/product_tag?post=323"}],"curies":[{"name":"wp","href":"https:\/\/api.w.org\/{rel}","templated":true}]}}