{"id":257,"date":"2023-05-05T14:53:51","date_gmt":"2023-05-05T12:53:51","guid":{"rendered":"http:\/\/spesfrance.fr\/?post_type=product&#038;p=257"},"modified":"2025-01-28T10:02:19","modified_gmt":"2025-01-28T09:02:19","slug":"gel-adhesif-et-conducteur-tensive-boite-de-12-tubes-de-50g","status":"publish","type":"product","link":"https:\/\/spesfrance.fr\/index.php\/produit\/gel-adhesif-et-conducteur-tensive-boite-de-12-tubes-de-50g\/","title":{"rendered":"Gel adh\u00e9sif et conducteur TENSIVE 12x50g"},"content":{"rendered":"<p>Gel adh\u00e9sif et conducteur soluble \u00e0 l&rsquo;eau<\/p>\n","protected":false},"excerpt":{"rendered":"<p>Boite de 12 tubes de 50g<\/p>\n","protected":false},"featured_media":258,"template":"","meta":[],"product_brand":[90],"product_cat":[16],"product_tag":[63,23,64,21,17,65],"class_list":{"0":"post-257","1":"product","2":"type-product","3":"status-publish","4":"has-post-thumbnail","6":"product_brand-parker-labs","7":"product_cat-gels-pates","8":"product_tag-adhesif","9":"product_tag-adhesive","10":"product_tag-condcuteur","11":"product_tag-conductrice","12":"product_tag-gel","13":"product_tag-tens","15":"first","16":"instock","17":"taxable","18":"shipping-taxable","19":"purchasable","20":"product-type-simple"},"_links":{"self":[{"href":"https:\/\/spesfrance.fr\/index.php\/wp-json\/wp\/v2\/product\/257","targetHints":{"allow":["GET"]}}],"collection":[{"href":"https:\/\/spesfrance.fr\/index.php\/wp-json\/wp\/v2\/product"}],"about":[{"href":"https:\/\/spesfrance.fr\/index.php\/wp-json\/wp\/v2\/types\/product"}],"wp:featuredmedia":[{"embeddable":true,"href":"https:\/\/spesfrance.fr\/index.php\/wp-json\/wp\/v2\/media\/258"}],"wp:attachment":[{"href":"https:\/\/spesfrance.fr\/index.php\/wp-json\/wp\/v2\/media?parent=257"}],"wp:term":[{"taxonomy":"product_brand","embeddable":true,"href":"https:\/\/spesfrance.fr\/index.php\/wp-json\/wp\/v2\/product_brand?post=257"},{"taxonomy":"product_cat","embeddable":true,"href":"https:\/\/spesfrance.fr\/index.php\/wp-json\/wp\/v2\/product_cat?post=257"},{"taxonomy":"product_tag","embeddable":true,"href":"https:\/\/spesfrance.fr\/index.php\/wp-json\/wp\/v2\/product_tag?post=257"}],"curies":[{"name":"wp","href":"https:\/\/api.w.org\/{rel}","templated":true}]}}