{"id":252,"date":"2023-05-05T11:56:12","date_gmt":"2023-05-05T09:56:12","guid":{"rendered":"http:\/\/spesfrance.fr\/?post_type=product&#038;p=252"},"modified":"2026-02-24T15:11:35","modified_gmt":"2026-02-24T14:11:35","slug":"pate-conductrice-ten20-3-pots-de-228g","status":"publish","type":"product","link":"https:\/\/spesfrance.fr\/index.php\/produit\/pate-conductrice-ten20-3-pots-de-228g\/","title":{"rendered":"P\u00e2te conductrice TEN20 3x228g"},"content":{"rendered":"<p><a href=\"https:\/\/spesfrance.fr\/wp-content\/uploads\/2023\/05\/SDS002-Ten20-SDS-v1.0-en-English.pdf\" target=\"_blank\" rel=\"noopener\">Fiche de donn\u00e9es de s\u00e9curit\u00e9<\/a><\/p>\n<p>Connaissez notre AC Cream? Une p\u00e2te conductrice \u00e9quivalente \u00e0 laTen20, sans Parabens ni parfums.<\/p>\n<p><img loading=\"lazy\" decoding=\"async\" class=\"alignnone wp-image-253 size-medium\" src=\"https:\/\/spesfrance.fr\/wp-content\/uploads\/2023\/05\/acc-300x300.png\" alt=\"\" width=\"300\" height=\"300\" srcset=\"https:\/\/spesfrance.fr\/wp-content\/uploads\/2023\/05\/acc-300x300.png 300w, https:\/\/spesfrance.fr\/wp-content\/uploads\/2023\/05\/acc-324x324.png 324w, https:\/\/spesfrance.fr\/wp-content\/uploads\/2023\/05\/acc-100x100.png 100w, https:\/\/spesfrance.fr\/wp-content\/uploads\/2023\/05\/acc-416x416.png 416w, https:\/\/spesfrance.fr\/wp-content\/uploads\/2023\/05\/acc-150x150.png 150w, https:\/\/spesfrance.fr\/wp-content\/uploads\/2023\/05\/acc-768x768.png 768w, https:\/\/spesfrance.fr\/wp-content\/uploads\/2023\/05\/acc.png 886w\" sizes=\"auto, (max-width: 300px) 100vw, 300px\" \/><\/p>\n","protected":false},"excerpt":{"rendered":"<p>Lot de 3 pots de 228g<\/p>\n","protected":false},"featured_media":245,"template":"","meta":[],"product_brand":[87],"product_cat":[16],"product_tag":[25,21,22,20],"class_list":{"0":"post-252","1":"product","2":"type-product","3":"status-publish","4":"has-post-thumbnail","6":"product_brand-weaver","7":"product_cat-gels-pates","8":"product_tag-conducteur","9":"product_tag-conductrice","10":"product_tag-creme","11":"product_tag-pate","13":"first","14":"instock","15":"taxable","16":"shipping-taxable","17":"purchasable","18":"product-type-simple"},"_links":{"self":[{"href":"https:\/\/spesfrance.fr\/index.php\/wp-json\/wp\/v2\/product\/252","targetHints":{"allow":["GET"]}}],"collection":[{"href":"https:\/\/spesfrance.fr\/index.php\/wp-json\/wp\/v2\/product"}],"about":[{"href":"https:\/\/spesfrance.fr\/index.php\/wp-json\/wp\/v2\/types\/product"}],"wp:featuredmedia":[{"embeddable":true,"href":"https:\/\/spesfrance.fr\/index.php\/wp-json\/wp\/v2\/media\/245"}],"wp:attachment":[{"href":"https:\/\/spesfrance.fr\/index.php\/wp-json\/wp\/v2\/media?parent=252"}],"wp:term":[{"taxonomy":"product_brand","embeddable":true,"href":"https:\/\/spesfrance.fr\/index.php\/wp-json\/wp\/v2\/product_brand?post=252"},{"taxonomy":"product_cat","embeddable":true,"href":"https:\/\/spesfrance.fr\/index.php\/wp-json\/wp\/v2\/product_cat?post=252"},{"taxonomy":"product_tag","embeddable":true,"href":"https:\/\/spesfrance.fr\/index.php\/wp-json\/wp\/v2\/product_tag?post=252"}],"curies":[{"name":"wp","href":"https:\/\/api.w.org\/{rel}","templated":true}]}}