{"id":244,"date":"2023-05-05T10:37:10","date_gmt":"2023-05-05T08:37:10","guid":{"rendered":"http:\/\/spesfrance.fr\/?post_type=product&#038;p=244"},"modified":"2026-02-24T15:10:20","modified_gmt":"2026-02-24T14:10:20","slug":"gel-abrasif-nuprep-3-tubes-de-114g","status":"publish","type":"product","link":"https:\/\/spesfrance.fr\/index.php\/produit\/gel-abrasif-nuprep-3-tubes-de-114g\/","title":{"rendered":"Gel abrasif Nuprep 3x114g"},"content":{"rendered":"<p><a href=\"https:\/\/spesfrance.fr\/wp-content\/uploads\/2023\/05\/SDS001-Nuprep-SDS-v1.0-fr-French.pdf\" target=\"_blank\" rel=\"noopener\">Fiche de donn\u00e9es de s\u00e9curit\u00e9<\/a><\/p>\n<p>Connaissez notre SafePrep (anciennement Neur-Prep)? Un gel abrasif \u00e9quivalent \u00e0 la Nuprep, sans Parabens, parfums ni colorants<\/p>\n<p><img loading=\"lazy\" decoding=\"async\" class=\"alignnone wp-image-366 size-medium\" src=\"https:\/\/spesfrance.fr\/wp-content\/uploads\/2023\/05\/Image1-300x286.png\" alt=\"\" width=\"300\" height=\"286\" srcset=\"https:\/\/spesfrance.fr\/wp-content\/uploads\/2023\/05\/Image1-300x286.png 300w, https:\/\/spesfrance.fr\/wp-content\/uploads\/2023\/05\/Image1-416x397.png 416w, https:\/\/spesfrance.fr\/wp-content\/uploads\/2023\/05\/Image1.png 743w\" sizes=\"auto, (max-width: 300px) 100vw, 300px\" \/><\/p>\n<p>&nbsp;<\/p>\n","protected":false},"excerpt":{"rendered":"<p>Lot de 3 tubes de 114g<\/p>\n","protected":false},"featured_media":247,"template":"","meta":[],"product_brand":[87],"product_cat":[16],"product_tag":[18,45,22,17,20],"class_list":{"0":"post-244","1":"product","2":"type-product","3":"status-publish","4":"has-post-thumbnail","6":"product_brand-weaver","7":"product_cat-gels-pates","8":"product_tag-abrasif","9":"product_tag-abrasive","10":"product_tag-creme","11":"product_tag-gel","12":"product_tag-pate","14":"first","15":"instock","16":"featured","17":"taxable","18":"shipping-taxable","19":"purchasable","20":"product-type-simple"},"_links":{"self":[{"href":"https:\/\/spesfrance.fr\/index.php\/wp-json\/wp\/v2\/product\/244","targetHints":{"allow":["GET"]}}],"collection":[{"href":"https:\/\/spesfrance.fr\/index.php\/wp-json\/wp\/v2\/product"}],"about":[{"href":"https:\/\/spesfrance.fr\/index.php\/wp-json\/wp\/v2\/types\/product"}],"wp:featuredmedia":[{"embeddable":true,"href":"https:\/\/spesfrance.fr\/index.php\/wp-json\/wp\/v2\/media\/247"}],"wp:attachment":[{"href":"https:\/\/spesfrance.fr\/index.php\/wp-json\/wp\/v2\/media?parent=244"}],"wp:term":[{"taxonomy":"product_brand","embeddable":true,"href":"https:\/\/spesfrance.fr\/index.php\/wp-json\/wp\/v2\/product_brand?post=244"},{"taxonomy":"product_cat","embeddable":true,"href":"https:\/\/spesfrance.fr\/index.php\/wp-json\/wp\/v2\/product_cat?post=244"},{"taxonomy":"product_tag","embeddable":true,"href":"https:\/\/spesfrance.fr\/index.php\/wp-json\/wp\/v2\/product_tag?post=244"}],"curies":[{"name":"wp","href":"https:\/\/api.w.org\/{rel}","templated":true}]}}