{"id":227,"date":"2023-05-04T15:43:59","date_gmt":"2023-05-04T13:43:59","guid":{"rendered":"http:\/\/spesfrance.fr\/?post_type=product&#038;p=227"},"modified":"2026-02-12T11:03:26","modified_gmt":"2026-02-12T10:03:26","slug":"electrodes-cupules-casted-10mm-dorees-150cm-lot-de-10-fiche-tp-din42802","status":"publish","type":"product","link":"https:\/\/spesfrance.fr\/index.php\/produit\/electrodes-cupules-casted-10mm-dorees-150cm-lot-de-10-fiche-tp-din42802\/","title":{"rendered":"\u00c9lectrodes cupules CASTED 10mm Dor\u00e9es"},"content":{"rendered":"<p>&#8211; Connexion c\u00e2ble\/\u00e9lectrode id\u00e9ale alliant r\u00e9sistance et \u00e9tanch\u00e9it\u00e9<br \/>\n&#8211; C\u00e2ble flexible<br \/>\n&#8211; Pack de 10 couleurs<\/p>\n<p><a href=\"https:\/\/www.spesmedica.com\/wp-content\/uploads\/2019\/11\/FT-CASTED-FR.pdf\" target=\"_blank\" rel=\"noopener\">Fiche technique du produit<\/a><\/p>\n","protected":false},"excerpt":{"rendered":"<p>Lot de 10 cupules dor\u00e9es perc\u00e9es.<\/p>\n","protected":false},"featured_media":228,"template":"","meta":[],"product_brand":[],"product_cat":[30],"product_tag":[53,54,31],"class_list":{"0":"post-227","1":"product","2":"type-product","3":"status-publish","4":"has-post-thumbnail","6":"product_cat-electrodes","7":"product_tag-cupules","8":"product_tag-dsgs152600","9":"product_tag-electrodes","11":"first","12":"instock","13":"taxable","14":"shipping-taxable","15":"purchasable","16":"product-type-variable"},"_links":{"self":[{"href":"https:\/\/spesfrance.fr\/index.php\/wp-json\/wp\/v2\/product\/227","targetHints":{"allow":["GET"]}}],"collection":[{"href":"https:\/\/spesfrance.fr\/index.php\/wp-json\/wp\/v2\/product"}],"about":[{"href":"https:\/\/spesfrance.fr\/index.php\/wp-json\/wp\/v2\/types\/product"}],"wp:featuredmedia":[{"embeddable":true,"href":"https:\/\/spesfrance.fr\/index.php\/wp-json\/wp\/v2\/media\/228"}],"wp:attachment":[{"href":"https:\/\/spesfrance.fr\/index.php\/wp-json\/wp\/v2\/media?parent=227"}],"wp:term":[{"taxonomy":"product_brand","embeddable":true,"href":"https:\/\/spesfrance.fr\/index.php\/wp-json\/wp\/v2\/product_brand?post=227"},{"taxonomy":"product_cat","embeddable":true,"href":"https:\/\/spesfrance.fr\/index.php\/wp-json\/wp\/v2\/product_cat?post=227"},{"taxonomy":"product_tag","embeddable":true,"href":"https:\/\/spesfrance.fr\/index.php\/wp-json\/wp\/v2\/product_tag?post=227"}],"curies":[{"name":"wp","href":"https:\/\/api.w.org\/{rel}","templated":true}]}}