{"id":218,"date":"2023-05-04T10:56:29","date_gmt":"2023-05-04T08:56:29","guid":{"rendered":"http:\/\/spesfrance.fr\/?post_type=product&#038;p=218"},"modified":"2026-02-12T11:03:11","modified_gmt":"2026-02-12T10:03:11","slug":"cordons-pince-crocodile-pour-monopodes-lot-de-10-120cm","status":"publish","type":"product","link":"https:\/\/spesfrance.fr\/index.php\/produit\/cordons-pince-crocodile-pour-monopodes-lot-de-10-120cm\/","title":{"rendered":"Cordons pince crocodile pour monopodes 120cm"},"content":{"rendered":"<p>&#8211; C\u00e2ble avec \u00e2me en Tinsel isol\u00e9 garantissant une meilleure flexibilit\u00e9<br \/>\n&#8211; Conducteur en Argent fournissant une r\u00e9sistance m\u00e9canique maximale ainsi qu\u2019une excellente conductivit\u00e9 \u00e9lectrique<br \/>\n&#8211; 10 couleurs<\/p>\n","protected":false},"excerpt":{"rendered":"<p>Lot de 10 cordons pince crocodile de 120cm en 10 couleurs. Fiche TP 42802<br \/>\nLot de 10<\/p>\n","protected":false},"featured_media":219,"template":"","meta":[],"product_brand":[86],"product_cat":[39],"product_tag":[42,40,32],"class_list":{"0":"post-218","1":"product","2":"type-product","3":"status-publish","4":"has-post-thumbnail","6":"product_brand-spesmedica","7":"product_cat-cordons","8":"product_tag-bec1226c1gs","9":"product_tag-cordons","10":"product_tag-monopodes","12":"first","13":"instock","14":"taxable","15":"shipping-taxable","16":"purchasable","17":"product-type-simple"},"_links":{"self":[{"href":"https:\/\/spesfrance.fr\/index.php\/wp-json\/wp\/v2\/product\/218","targetHints":{"allow":["GET"]}}],"collection":[{"href":"https:\/\/spesfrance.fr\/index.php\/wp-json\/wp\/v2\/product"}],"about":[{"href":"https:\/\/spesfrance.fr\/index.php\/wp-json\/wp\/v2\/types\/product"}],"wp:featuredmedia":[{"embeddable":true,"href":"https:\/\/spesfrance.fr\/index.php\/wp-json\/wp\/v2\/media\/219"}],"wp:attachment":[{"href":"https:\/\/spesfrance.fr\/index.php\/wp-json\/wp\/v2\/media?parent=218"}],"wp:term":[{"taxonomy":"product_brand","embeddable":true,"href":"https:\/\/spesfrance.fr\/index.php\/wp-json\/wp\/v2\/product_brand?post=218"},{"taxonomy":"product_cat","embeddable":true,"href":"https:\/\/spesfrance.fr\/index.php\/wp-json\/wp\/v2\/product_cat?post=218"},{"taxonomy":"product_tag","embeddable":true,"href":"https:\/\/spesfrance.fr\/index.php\/wp-json\/wp\/v2\/product_tag?post=218"}],"curies":[{"name":"wp","href":"https:\/\/api.w.org\/{rel}","templated":true}]}}