{"id":1593,"date":"2026-02-13T14:07:07","date_gmt":"2026-02-13T13:07:07","guid":{"rendered":"https:\/\/spesfrance.fr\/?post_type=product&#038;p=1593"},"modified":"2026-02-13T14:07:07","modified_gmt":"2026-02-13T13:07:07","slug":"electrodes-adhesives-a-languette","status":"publish","type":"product","link":"https:\/\/spesfrance.fr\/index.php\/produit\/electrodes-adhesives-a-languette\/","title":{"rendered":"\u00c9lectrodes Adh\u00e9sives \u00e0 Languette"},"content":{"rendered":"<ul>\n<li>L&rsquo;Hydrogel garantit une excellente adh\u00e9rence et permet un repositionnement \u00e0 plusieurs reprises.<\/li>\n<li>Haute qualit\u00e9 d&rsquo;enregistrement gr\u00e2ce \u00e0 une faible imp\u00e9dance.<\/li>\n<li>Adapt\u00e9es aux enregistrements longue dur\u00e9e.<\/li>\n<li>L&rsquo;Hydrogel est constitu\u00e9 de mat\u00e9riaux biocompatibles qui ont \u00e9t\u00e9 test\u00e9s sur la plupart des types de peaux sensibles.<\/li>\n<\/ul>\n","protected":false},"excerpt":{"rendered":"<p>Boite de 2500 \u00e9lectrodes (25 sachets)<\/p>\n","protected":false},"featured_media":1595,"template":"","meta":[],"product_brand":[86],"product_cat":[30,77,68],"product_tag":[],"class_list":{"0":"post-1593","1":"product","2":"type-product","3":"status-publish","4":"has-post-thumbnail","6":"product_brand-spesmedica","7":"product_cat-electrodes","8":"product_cat-electrodes-adhesives","9":"product_cat-emg-vcn","11":"first","12":"instock","13":"taxable","14":"shipping-taxable","15":"purchasable","16":"product-type-variable"},"_links":{"self":[{"href":"https:\/\/spesfrance.fr\/index.php\/wp-json\/wp\/v2\/product\/1593","targetHints":{"allow":["GET"]}}],"collection":[{"href":"https:\/\/spesfrance.fr\/index.php\/wp-json\/wp\/v2\/product"}],"about":[{"href":"https:\/\/spesfrance.fr\/index.php\/wp-json\/wp\/v2\/types\/product"}],"wp:featuredmedia":[{"embeddable":true,"href":"https:\/\/spesfrance.fr\/index.php\/wp-json\/wp\/v2\/media\/1595"}],"wp:attachment":[{"href":"https:\/\/spesfrance.fr\/index.php\/wp-json\/wp\/v2\/media?parent=1593"}],"wp:term":[{"taxonomy":"product_brand","embeddable":true,"href":"https:\/\/spesfrance.fr\/index.php\/wp-json\/wp\/v2\/product_brand?post=1593"},{"taxonomy":"product_cat","embeddable":true,"href":"https:\/\/spesfrance.fr\/index.php\/wp-json\/wp\/v2\/product_cat?post=1593"},{"taxonomy":"product_tag","embeddable":true,"href":"https:\/\/spesfrance.fr\/index.php\/wp-json\/wp\/v2\/product_tag?post=1593"}],"curies":[{"name":"wp","href":"https:\/\/api.w.org\/{rel}","templated":true}]}}