{"id":1549,"date":"2026-02-13T09:19:57","date_gmt":"2026-02-13T08:19:57","guid":{"rendered":"https:\/\/spesfrance.fr\/?post_type=product&#038;p=1549"},"modified":"2026-02-13T09:19:57","modified_gmt":"2026-02-13T08:19:57","slug":"syteme-stim-rec","status":"publish","type":"product","link":"https:\/\/spesfrance.fr\/index.php\/produit\/syteme-stim-rec\/","title":{"rendered":"Syt\u00e8me STIM \/ REC"},"content":{"rendered":"<p>Syst\u00e8me STIM\/REC<br \/>\n\u00b7 Syst\u00e8me d&rsquo;\u00e9lectrodes de stimulation et de r\u00e9ception pour une meilleure pr\u00e9cision d&rsquo;enregistrement de signal et diff\u00e9rents accessoires.<br \/>\n\u00b7 \u00c9pargnez votre t\u00eati\u00e8re en \u00e9vitant les multiples connexions\/d\u00e9connexions.<\/p>\n<p>\u00c9lectrodes compatibles avec le cordon : <a href=\"https:\/\/spesfrance.fr\/index.php\/produit\/cordon-de-liaison-pour-aiguilles-concentrique-myoline\/\">10000NNHF3<\/a><\/p>\n","protected":false},"excerpt":{"rendered":"<p>Syst\u00e8me STIM\/REC \u00b7 Syst\u00e8me d&rsquo;\u00e9lectrodes de stimulation et de r\u00e9ception pour une meilleure pr\u00e9cision d&rsquo;enregistrement de signal et diff\u00e9rents accessoires. \u00b7 \u00c9pargnez votre t\u00eati\u00e8re en \u00e9vitant les multiples connexions\/d\u00e9connexions. \u00c9lectrodes compatibles avec le cordon : 10000NNHF3<\/p>\n","protected":false},"featured_media":1556,"template":"","meta":[],"product_brand":[86],"product_cat":[30,68],"product_tag":[],"class_list":{"0":"post-1549","1":"product","2":"type-product","3":"status-publish","4":"has-post-thumbnail","6":"product_brand-spesmedica","7":"product_cat-electrodes","8":"product_cat-emg-vcn","10":"first","11":"instock","12":"taxable","13":"shipping-taxable","14":"purchasable","15":"product-type-variable"},"_links":{"self":[{"href":"https:\/\/spesfrance.fr\/index.php\/wp-json\/wp\/v2\/product\/1549","targetHints":{"allow":["GET"]}}],"collection":[{"href":"https:\/\/spesfrance.fr\/index.php\/wp-json\/wp\/v2\/product"}],"about":[{"href":"https:\/\/spesfrance.fr\/index.php\/wp-json\/wp\/v2\/types\/product"}],"wp:featuredmedia":[{"embeddable":true,"href":"https:\/\/spesfrance.fr\/index.php\/wp-json\/wp\/v2\/media\/1556"}],"wp:attachment":[{"href":"https:\/\/spesfrance.fr\/index.php\/wp-json\/wp\/v2\/media?parent=1549"}],"wp:term":[{"taxonomy":"product_brand","embeddable":true,"href":"https:\/\/spesfrance.fr\/index.php\/wp-json\/wp\/v2\/product_brand?post=1549"},{"taxonomy":"product_cat","embeddable":true,"href":"https:\/\/spesfrance.fr\/index.php\/wp-json\/wp\/v2\/product_cat?post=1549"},{"taxonomy":"product_tag","embeddable":true,"href":"https:\/\/spesfrance.fr\/index.php\/wp-json\/wp\/v2\/product_tag?post=1549"}],"curies":[{"name":"wp","href":"https:\/\/api.w.org\/{rel}","templated":true}]}}