{"id":1503,"date":"2026-02-12T14:50:56","date_gmt":"2026-02-12T13:50:56","guid":{"rendered":"https:\/\/spesfrance.fr\/?post_type=product&#038;p=1503"},"modified":"2026-02-12T14:50:56","modified_gmt":"2026-02-12T13:50:56","slug":"casque-a-lanieres-pour-monopodes","status":"publish","type":"product","link":"https:\/\/spesfrance.fr\/index.php\/produit\/casque-a-lanieres-pour-monopodes\/","title":{"rendered":"Casque \u00e0 lani\u00e8res pour monopodes"},"content":{"rendered":"<ul>\n<li>Mat\u00e9riaux\u00a0 doux, \u00e9lastiques, color\u00e9s et r\u00e9sistants<\/li>\n<\/ul>\n","protected":false},"excerpt":{"rendered":"<p>1 Casque<\/p>\n","protected":false},"featured_media":1522,"template":"","meta":[],"product_brand":[86],"product_cat":[124],"product_tag":[],"class_list":{"0":"post-1503","1":"product","2":"type-product","3":"status-publish","4":"has-post-thumbnail","6":"product_brand-spesmedica","7":"product_cat-casques","9":"first","10":"instock","11":"taxable","12":"shipping-taxable","13":"purchasable","14":"product-type-variable"},"_links":{"self":[{"href":"https:\/\/spesfrance.fr\/index.php\/wp-json\/wp\/v2\/product\/1503","targetHints":{"allow":["GET"]}}],"collection":[{"href":"https:\/\/spesfrance.fr\/index.php\/wp-json\/wp\/v2\/product"}],"about":[{"href":"https:\/\/spesfrance.fr\/index.php\/wp-json\/wp\/v2\/types\/product"}],"wp:featuredmedia":[{"embeddable":true,"href":"https:\/\/spesfrance.fr\/index.php\/wp-json\/wp\/v2\/media\/1522"}],"wp:attachment":[{"href":"https:\/\/spesfrance.fr\/index.php\/wp-json\/wp\/v2\/media?parent=1503"}],"wp:term":[{"taxonomy":"product_brand","embeddable":true,"href":"https:\/\/spesfrance.fr\/index.php\/wp-json\/wp\/v2\/product_brand?post=1503"},{"taxonomy":"product_cat","embeddable":true,"href":"https:\/\/spesfrance.fr\/index.php\/wp-json\/wp\/v2\/product_cat?post=1503"},{"taxonomy":"product_tag","embeddable":true,"href":"https:\/\/spesfrance.fr\/index.php\/wp-json\/wp\/v2\/product_tag?post=1503"}],"curies":[{"name":"wp","href":"https:\/\/api.w.org\/{rel}","templated":true}]}}