{"id":1474,"date":"2026-02-12T10:19:27","date_gmt":"2026-02-12T09:19:27","guid":{"rendered":"https:\/\/spesfrance.fr\/?post_type=product&#038;p=1474"},"modified":"2026-02-12T10:27:56","modified_gmt":"2026-02-12T09:27:56","slug":"electrode-seche-a-surface-denregistrement-reduite-o6mm-pin-07mm","status":"publish","type":"product","link":"https:\/\/spesfrance.fr\/index.php\/produit\/electrode-seche-a-surface-denregistrement-reduite-o6mm-pin-07mm\/","title":{"rendered":"\u00c9lectrode s\u00e9che \u00e0 surface d&rsquo;enregistrement r\u00e9duite (\u00d86mm), Pin 0,7mm"},"content":{"rendered":"<ul>\n<li>\u00c9lectrodes AgAgCl<\/li>\n<li>Diam\u00e8tre de la surface d\u2019enregistrement : 6mm<\/li>\n<li>Biocompatible<\/li>\n<li>Pin s\u00e9curit 0,7mm<\/li>\n<\/ul>\n<p>&nbsp;<\/p>\n","protected":false},"excerpt":{"rendered":"<p>Lot de 50 \u00e9lectrodes<\/p>\n","protected":false},"featured_media":1485,"template":"","meta":[],"product_brand":[86],"product_cat":[30,77,68],"product_tag":[117,121],"class_list":{"0":"post-1474","1":"product","2":"type-product","3":"status-publish","4":"has-post-thumbnail","6":"product_brand-spesmedica","7":"product_cat-electrodes","8":"product_cat-electrodes-adhesives","9":"product_cat-emg-vcn","10":"product_tag-electrode","11":"product_tag-seche","13":"first","14":"instock","15":"taxable","16":"shipping-taxable","17":"purchasable","18":"product-type-simple"},"_links":{"self":[{"href":"https:\/\/spesfrance.fr\/index.php\/wp-json\/wp\/v2\/product\/1474","targetHints":{"allow":["GET"]}}],"collection":[{"href":"https:\/\/spesfrance.fr\/index.php\/wp-json\/wp\/v2\/product"}],"about":[{"href":"https:\/\/spesfrance.fr\/index.php\/wp-json\/wp\/v2\/types\/product"}],"wp:featuredmedia":[{"embeddable":true,"href":"https:\/\/spesfrance.fr\/index.php\/wp-json\/wp\/v2\/media\/1485"}],"wp:attachment":[{"href":"https:\/\/spesfrance.fr\/index.php\/wp-json\/wp\/v2\/media?parent=1474"}],"wp:term":[{"taxonomy":"product_brand","embeddable":true,"href":"https:\/\/spesfrance.fr\/index.php\/wp-json\/wp\/v2\/product_brand?post=1474"},{"taxonomy":"product_cat","embeddable":true,"href":"https:\/\/spesfrance.fr\/index.php\/wp-json\/wp\/v2\/product_cat?post=1474"},{"taxonomy":"product_tag","embeddable":true,"href":"https:\/\/spesfrance.fr\/index.php\/wp-json\/wp\/v2\/product_tag?post=1474"}],"curies":[{"name":"wp","href":"https:\/\/api.w.org\/{rel}","templated":true}]}}