{"id":1449,"date":"2026-02-11T14:56:05","date_gmt":"2026-02-11T13:56:05","guid":{"rendered":"https:\/\/spesfrance.fr\/?post_type=product&#038;p=1449"},"modified":"2026-02-12T11:03:26","modified_gmt":"2026-02-12T10:03:26","slug":"electrodes-cupules-ltm-10mm-agagcl-fiche-tp-din42802","status":"publish","type":"product","link":"https:\/\/spesfrance.fr\/index.php\/produit\/electrodes-cupules-ltm-10mm-agagcl-fiche-tp-din42802\/","title":{"rendered":"\u00c9lectrodes cupules LTM 10mm AgAgCl"},"content":{"rendered":"<p><span id=\"tablepress-LTM-fr-description\" class=\"tablepress-table-description tablepress-table-description-id-LTM-fr\">&#8211; Con\u00e7ues sp\u00e9cifiquement pour les enregistrements longues dur\u00e9e.<br \/>\n&#8211; C\u00e2ble t\u00e9flon\u00e9 Ultra fin.<br \/>\n&#8211; \u00c9lectrodes autoclavables.<\/span><br \/>\n&#8211; Pack de 10 couleurs<\/p>\n<p><a href=\"https:\/\/www.spesmedica.com\/wp-content\/uploads\/2019\/11\/FT-%C3%89LECTRODES-LTM-FR.pdf\" target=\"_blank\" rel=\"noopener\">Fiche technique du produit<\/a><\/p>\n","protected":false},"excerpt":{"rendered":"<p>Lot de 10 cupules perc\u00e9es longue dur\u00e9e.<\/p>\n","protected":false},"featured_media":1453,"template":"","meta":[],"product_brand":[86],"product_cat":[30],"product_tag":[53,56,31],"class_list":{"0":"post-1449","1":"product","2":"type-product","3":"status-publish","4":"has-post-thumbnail","6":"product_brand-spesmedica","7":"product_cat-electrodes","8":"product_tag-cupules","9":"product_tag-dggoat152600","10":"product_tag-electrodes","12":"first","13":"instock","14":"taxable","15":"shipping-taxable","16":"purchasable","17":"product-type-variable"},"_links":{"self":[{"href":"https:\/\/spesfrance.fr\/index.php\/wp-json\/wp\/v2\/product\/1449","targetHints":{"allow":["GET"]}}],"collection":[{"href":"https:\/\/spesfrance.fr\/index.php\/wp-json\/wp\/v2\/product"}],"about":[{"href":"https:\/\/spesfrance.fr\/index.php\/wp-json\/wp\/v2\/types\/product"}],"wp:featuredmedia":[{"embeddable":true,"href":"https:\/\/spesfrance.fr\/index.php\/wp-json\/wp\/v2\/media\/1453"}],"wp:attachment":[{"href":"https:\/\/spesfrance.fr\/index.php\/wp-json\/wp\/v2\/media?parent=1449"}],"wp:term":[{"taxonomy":"product_brand","embeddable":true,"href":"https:\/\/spesfrance.fr\/index.php\/wp-json\/wp\/v2\/product_brand?post=1449"},{"taxonomy":"product_cat","embeddable":true,"href":"https:\/\/spesfrance.fr\/index.php\/wp-json\/wp\/v2\/product_cat?post=1449"},{"taxonomy":"product_tag","embeddable":true,"href":"https:\/\/spesfrance.fr\/index.php\/wp-json\/wp\/v2\/product_tag?post=1449"}],"curies":[{"name":"wp","href":"https:\/\/api.w.org\/{rel}","templated":true}]}}