{"id":1364,"date":"2026-02-10T10:39:50","date_gmt":"2026-02-10T09:39:50","guid":{"rendered":"https:\/\/spesfrance.fr\/?post_type=product&#038;p=1364"},"modified":"2026-02-10T10:51:05","modified_gmt":"2026-02-10T09:51:05","slug":"monopodes-ag-agcl-enfant-jaune","status":"publish","type":"product","link":"https:\/\/spesfrance.fr\/index.php\/produit\/monopodes-ag-agcl-enfant-jaune\/","title":{"rendered":"Monopodes Ag\/AgCl &#8211; Enfant &#8211; Jaune"},"content":{"rendered":"<p><span id=\"tablepress-monopodes-description\" class=\"tablepress-table-description tablepress-table-description-id-monopodes\"> \u00b7 Vis dor\u00e9e afin de garantir une qualit\u00e9 de signal optimale.<br \/>\n\u00b7 Vis r\u00e9glable en hauteur pour un positionnement id\u00e9al des \u00e9lectrodes.<br \/>\n\u00b7 Connecteur universel pour fiche m\u00e2le 2mm ou pince crocodile.<br \/>\n\u00b7 Pont r\u00e9alis\u00e9 en ABS.<\/span><\/p>\n<p><a href=\"https:\/\/www.spesmedica.com\/wp-content\/uploads\/2019\/11\/FT-MONOPODES-FR.pdf\" target=\"_blank\" rel=\"noopener\">Fiche Technique du produit<\/a><\/p>\n","protected":false},"excerpt":{"rendered":"<p>Monopodes Ag\/AgCl<br \/>\nLot de 10<\/p>\n","protected":false},"featured_media":202,"template":"","meta":[],"product_brand":[86],"product_cat":[30,106],"product_tag":[105,31,32],"class_list":{"0":"post-1364","1":"product","2":"type-product","3":"status-publish","4":"has-post-thumbnail","6":"product_brand-spesmedica","7":"product_cat-electrodes","8":"product_cat-monopodes","9":"product_tag-beag00p4","10":"product_tag-electrodes","11":"product_tag-monopodes","13":"first","14":"instock","15":"taxable","16":"shipping-taxable","17":"purchasable","18":"product-type-simple"},"_links":{"self":[{"href":"https:\/\/spesfrance.fr\/index.php\/wp-json\/wp\/v2\/product\/1364","targetHints":{"allow":["GET"]}}],"collection":[{"href":"https:\/\/spesfrance.fr\/index.php\/wp-json\/wp\/v2\/product"}],"about":[{"href":"https:\/\/spesfrance.fr\/index.php\/wp-json\/wp\/v2\/types\/product"}],"wp:featuredmedia":[{"embeddable":true,"href":"https:\/\/spesfrance.fr\/index.php\/wp-json\/wp\/v2\/media\/202"}],"wp:attachment":[{"href":"https:\/\/spesfrance.fr\/index.php\/wp-json\/wp\/v2\/media?parent=1364"}],"wp:term":[{"taxonomy":"product_brand","embeddable":true,"href":"https:\/\/spesfrance.fr\/index.php\/wp-json\/wp\/v2\/product_brand?post=1364"},{"taxonomy":"product_cat","embeddable":true,"href":"https:\/\/spesfrance.fr\/index.php\/wp-json\/wp\/v2\/product_cat?post=1364"},{"taxonomy":"product_tag","embeddable":true,"href":"https:\/\/spesfrance.fr\/index.php\/wp-json\/wp\/v2\/product_tag?post=1364"}],"curies":[{"name":"wp","href":"https:\/\/api.w.org\/{rel}","templated":true}]}}