{"id":1207,"date":"2025-11-06T09:28:36","date_gmt":"2025-11-06T08:28:36","guid":{"rendered":"https:\/\/spesfrance.fr\/?post_type=product&#038;p=1207"},"modified":"2026-02-12T11:03:22","modified_gmt":"2026-02-12T10:03:22","slug":"electrodes-de-stimulation-a-usage-unique","status":"publish","type":"product","link":"https:\/\/spesfrance.fr\/index.php\/produit\/electrodes-de-stimulation-a-usage-unique\/","title":{"rendered":"\u00c9lectrodes de Stimulation \u00e0 Usage Unique"},"content":{"rendered":"<p><strong>\u00c9lectrodes de Stimulation \u00e0 Usage Unique<\/strong><\/p>\n<ul>\n<li>Garantissent une haute performance d\u2019\u00e9lectrostimulation.<\/li>\n<li>L\u2019hydrogel assure une excellente et constante adh\u00e9rence sur la peau du patient.<\/li>\n<li>Ceci permet une intensit\u00e9 uniforme sur toute la surface de l\u2019\u00e9lectrode.<\/li>\n<li>L\u2019hydrogel permet \u00e9galement le repositionnement des \u00e9lectrodes sans perte d\u2019adh\u00e9rence.<\/li>\n<li>L\u2019hydrogel est tr\u00e8s doux avec la peau, m\u00eame les plus sensibles.<\/li>\n<\/ul>\n","protected":false},"excerpt":{"rendered":"<p>\u00c9lectrodes de Stimulation \u00e0 Usage Unique<br \/>\nSachets de 4<\/p>\n","protected":false},"featured_media":1228,"template":"","meta":[],"product_brand":[86],"product_cat":[30,77,68],"product_tag":[],"class_list":{"0":"post-1207","1":"product","2":"type-product","3":"status-publish","4":"has-post-thumbnail","6":"product_brand-spesmedica","7":"product_cat-electrodes","8":"product_cat-electrodes-adhesives","9":"product_cat-emg-vcn","11":"first","12":"instock","13":"taxable","14":"shipping-taxable","15":"purchasable","16":"product-type-variable"},"_links":{"self":[{"href":"https:\/\/spesfrance.fr\/index.php\/wp-json\/wp\/v2\/product\/1207","targetHints":{"allow":["GET"]}}],"collection":[{"href":"https:\/\/spesfrance.fr\/index.php\/wp-json\/wp\/v2\/product"}],"about":[{"href":"https:\/\/spesfrance.fr\/index.php\/wp-json\/wp\/v2\/types\/product"}],"wp:featuredmedia":[{"embeddable":true,"href":"https:\/\/spesfrance.fr\/index.php\/wp-json\/wp\/v2\/media\/1228"}],"wp:attachment":[{"href":"https:\/\/spesfrance.fr\/index.php\/wp-json\/wp\/v2\/media?parent=1207"}],"wp:term":[{"taxonomy":"product_brand","embeddable":true,"href":"https:\/\/spesfrance.fr\/index.php\/wp-json\/wp\/v2\/product_brand?post=1207"},{"taxonomy":"product_cat","embeddable":true,"href":"https:\/\/spesfrance.fr\/index.php\/wp-json\/wp\/v2\/product_cat?post=1207"},{"taxonomy":"product_tag","embeddable":true,"href":"https:\/\/spesfrance.fr\/index.php\/wp-json\/wp\/v2\/product_tag?post=1207"}],"curies":[{"name":"wp","href":"https:\/\/api.w.org\/{rel}","templated":true}]}}