{"id":1041,"date":"2025-06-10T15:14:42","date_gmt":"2025-06-10T13:14:42","guid":{"rendered":"https:\/\/spesfrance.fr\/?post_type=product&#038;p=1041"},"modified":"2026-02-24T15:00:33","modified_gmt":"2026-02-24T14:00:33","slug":"gel-conducteur-neurgel-500ml","status":"publish","type":"product","link":"https:\/\/spesfrance.fr\/index.php\/produit\/gel-conducteur-neurgel-500ml\/","title":{"rendered":"Gel conducteur NeurGel 500ml"},"content":{"rendered":"<p>\u00b7 Gel Haute Conductivit\u00e9<br \/>\n\u00b7 Garantie une faible imp\u00e9dance et une excellente stabilit\u00e9 de signal<br \/>\n\u00b7 R\u00e9duit les risques d&rsquo;effet de pont entre les \u00e9lectrodes<\/p>\n<p><a href=\"https:\/\/www.spesmedica.com\/wp-content\/uploads\/2021\/09\/MSDS-NEURGEL-0521-ENGITA_-REV8.pdf\" target=\"_blank\" rel=\"noopener\">Fiche de donn\u00e9es de s\u00e9curit\u00e9<\/a><\/p>\n","protected":false},"excerpt":{"rendered":"<p>Gel haute conductivit\u00e9<\/p>\n<p>Pot de 500ml<\/p>\n","protected":false},"featured_media":1047,"template":"","meta":[],"product_brand":[86],"product_cat":[16,99],"product_tag":[25,17,48],"class_list":{"0":"post-1041","1":"product","2":"type-product","3":"status-publish","4":"has-post-thumbnail","6":"product_brand-spesmedica","7":"product_cat-gels-pates","8":"product_cat-medcap","9":"product_tag-conducteur","10":"product_tag-gel","11":"product_tag-neurgel250f-6","13":"first","14":"instock","15":"taxable","16":"shipping-taxable","17":"purchasable","18":"product-type-simple"},"_links":{"self":[{"href":"https:\/\/spesfrance.fr\/index.php\/wp-json\/wp\/v2\/product\/1041","targetHints":{"allow":["GET"]}}],"collection":[{"href":"https:\/\/spesfrance.fr\/index.php\/wp-json\/wp\/v2\/product"}],"about":[{"href":"https:\/\/spesfrance.fr\/index.php\/wp-json\/wp\/v2\/types\/product"}],"wp:featuredmedia":[{"embeddable":true,"href":"https:\/\/spesfrance.fr\/index.php\/wp-json\/wp\/v2\/media\/1047"}],"wp:attachment":[{"href":"https:\/\/spesfrance.fr\/index.php\/wp-json\/wp\/v2\/media?parent=1041"}],"wp:term":[{"taxonomy":"product_brand","embeddable":true,"href":"https:\/\/spesfrance.fr\/index.php\/wp-json\/wp\/v2\/product_brand?post=1041"},{"taxonomy":"product_cat","embeddable":true,"href":"https:\/\/spesfrance.fr\/index.php\/wp-json\/wp\/v2\/product_cat?post=1041"},{"taxonomy":"product_tag","embeddable":true,"href":"https:\/\/spesfrance.fr\/index.php\/wp-json\/wp\/v2\/product_tag?post=1041"}],"curies":[{"name":"wp","href":"https:\/\/api.w.org\/{rel}","templated":true}]}}