{"id":1039,"date":"2025-06-10T15:13:51","date_gmt":"2025-06-10T13:13:51","guid":{"rendered":"https:\/\/spesfrance.fr\/?post_type=product&#038;p=1039"},"modified":"2026-02-12T11:03:22","modified_gmt":"2026-02-12T10:03:22","slug":"aiguille-emoussee-boite-de-100","status":"publish","type":"product","link":"https:\/\/spesfrance.fr\/index.php\/produit\/aiguille-emoussee-boite-de-100\/","title":{"rendered":"Aiguille \u00e9mouss\u00e9e &#8211; Boite de 100"},"content":{"rendered":"<p>Dispositif st\u00e9rile servant \u00e0 l\u2019introduction gel conducteur dans les \u00e9lectrodes.<\/p>\n","protected":false},"excerpt":{"rendered":"<p>Diam\u00e8tre 1,6mm (16G)<br \/>\nLongueur 15 ou 18 mm<\/p>\n","protected":false},"featured_media":1046,"template":"","meta":[],"product_brand":[86],"product_cat":[62,99],"product_tag":[],"class_list":{"0":"post-1039","1":"product","2":"type-product","3":"status-publish","4":"has-post-thumbnail","6":"product_brand-spesmedica","7":"product_cat-divers","8":"product_cat-medcap","10":"first","11":"instock","12":"taxable","13":"shipping-taxable","14":"purchasable","15":"product-type-variable"},"_links":{"self":[{"href":"https:\/\/spesfrance.fr\/index.php\/wp-json\/wp\/v2\/product\/1039","targetHints":{"allow":["GET"]}}],"collection":[{"href":"https:\/\/spesfrance.fr\/index.php\/wp-json\/wp\/v2\/product"}],"about":[{"href":"https:\/\/spesfrance.fr\/index.php\/wp-json\/wp\/v2\/types\/product"}],"wp:featuredmedia":[{"embeddable":true,"href":"https:\/\/spesfrance.fr\/index.php\/wp-json\/wp\/v2\/media\/1046"}],"wp:attachment":[{"href":"https:\/\/spesfrance.fr\/index.php\/wp-json\/wp\/v2\/media?parent=1039"}],"wp:term":[{"taxonomy":"product_brand","embeddable":true,"href":"https:\/\/spesfrance.fr\/index.php\/wp-json\/wp\/v2\/product_brand?post=1039"},{"taxonomy":"product_cat","embeddable":true,"href":"https:\/\/spesfrance.fr\/index.php\/wp-json\/wp\/v2\/product_cat?post=1039"},{"taxonomy":"product_tag","embeddable":true,"href":"https:\/\/spesfrance.fr\/index.php\/wp-json\/wp\/v2\/product_tag?post=1039"}],"curies":[{"name":"wp","href":"https:\/\/api.w.org\/{rel}","templated":true}]}}